{"id":11894,"date":"2020-01-17T14:57:50","date_gmt":"2020-01-17T13:57:50","guid":{"rendered":"http:\/\/www.vegetalcity.net\/?page_id=11894"},"modified":"2020-01-17T14:57:50","modified_gmt":"2020-01-17T13:57:50","slug":"expositions-a-louer-realisees","status":"publish","type":"page","link":"http:\/\/www.vegetalcity.net\/en\/expositions-a-louer-realisees\/","title":{"rendered":"EXPOSITIONS \u00c0 LOUER &#038; R\u00c9ALIS\u00c9ES"},"content":{"rendered":"","protected":false},"excerpt":{"rendered":"","protected":false},"author":3,"featured_media":0,"parent":0,"menu_order":0,"comment_status":"closed","ping_status":"closed","template":"","meta":{"advgb_blocks_editor_width":"","advgb_blocks_columns_visual_guide":"","_monsterinsights_skip_tracking":false,"_monsterinsights_sitenote_active":false,"_monsterinsights_sitenote_note":"","_monsterinsights_sitenote_category":0,"footnotes":""},"class_list":["post-11894","page","type-page","status-publish","czr-hentry"],"featured_image_src":null,"featured_image_src_square":null,"coauthors":[],"author_meta":{"author_link":"http:\/\/www.vegetalcity.net\/en\/topics\/author\/luc\/","display_name":"Luc Schuiten"},"relative_dates":{"created":"Posted 6 years ago","modified":"Updated 6 years ago"},"absolute_dates":{"created":"Posted on 17 January 2020","modified":"Updated on 17 January 2020"},"absolute_dates_time":{"created":"Posted on 17 January 2020 14 h 57 min","modified":"Updated on 17 January 2020 14 h 57 min"},"featured_img_caption":"","featured_img":false,"series_order":"","_links":{"self":[{"href":"http:\/\/www.vegetalcity.net\/en\/wp-json\/wp\/v2\/pages\/11894","targetHints":{"allow":["GET"]}}],"collection":[{"href":"http:\/\/www.vegetalcity.net\/en\/wp-json\/wp\/v2\/pages"}],"about":[{"href":"http:\/\/www.vegetalcity.net\/en\/wp-json\/wp\/v2\/types\/page"}],"author":[{"embeddable":true,"href":"http:\/\/www.vegetalcity.net\/en\/wp-json\/wp\/v2\/users\/3"}],"replies":[{"embeddable":true,"href":"http:\/\/www.vegetalcity.net\/en\/wp-json\/wp\/v2\/comments?post=11894"}],"version-history":[{"count":1,"href":"http:\/\/www.vegetalcity.net\/en\/wp-json\/wp\/v2\/pages\/11894\/revisions"}],"predecessor-version":[{"id":11895,"href":"http:\/\/www.vegetalcity.net\/en\/wp-json\/wp\/v2\/pages\/11894\/revisions\/11895"}],"wp:attachment":[{"href":"http:\/\/www.vegetalcity.net\/en\/wp-json\/wp\/v2\/media?parent=11894"}],"curies":[{"name":"wp","href":"https:\/\/api.w.org\/{rel}","templated":true}]}}