{"id":9448,"date":"2019-12-28T11:06:53","date_gmt":"2019-12-28T10:06:53","guid":{"rendered":"http:\/\/www.vegetalcity.net\/?page_id=9448"},"modified":"2020-09-01T10:06:44","modified_gmt":"2020-09-01T09:06:44","slug":"conferences-realisees","status":"publish","type":"page","link":"https:\/\/www.vegetalcity.net\/en\/conferences-realisees\/","title":{"rendered":"CONF\u00c9RENCES R\u00c9ALIS\u00c9ES"},"content":{"rendered":"","protected":false},"excerpt":{"rendered":"","protected":false},"author":3,"featured_media":0,"parent":0,"menu_order":0,"comment_status":"closed","ping_status":"closed","template":"","meta":{"advgb_blocks_editor_width":"","advgb_blocks_columns_visual_guide":"","_monsterinsights_skip_tracking":false,"_monsterinsights_sitenote_active":false,"_monsterinsights_sitenote_note":"","_monsterinsights_sitenote_category":0,"footnotes":""},"class_list":["post-9448","page","type-page","status-publish","czr-hentry"],"featured_image_src":null,"featured_image_src_square":null,"coauthors":[],"author_meta":{"author_link":"https:\/\/www.vegetalcity.net\/en\/topics\/author\/luc\/","display_name":"Luc Schuiten"},"relative_dates":{"created":"Posted 6 years ago","modified":"Updated 6 years ago"},"absolute_dates":{"created":"Posted on 28 December 2019","modified":"Updated on 1 September 2020"},"absolute_dates_time":{"created":"Posted on 28 December 2019 11 h 06 min","modified":"Updated on 1 September 2020 10 h 06 min"},"featured_img_caption":"","featured_img":false,"series_order":"","_links":{"self":[{"href":"https:\/\/www.vegetalcity.net\/en\/wp-json\/wp\/v2\/pages\/9448","targetHints":{"allow":["GET"]}}],"collection":[{"href":"https:\/\/www.vegetalcity.net\/en\/wp-json\/wp\/v2\/pages"}],"about":[{"href":"https:\/\/www.vegetalcity.net\/en\/wp-json\/wp\/v2\/types\/page"}],"author":[{"embeddable":true,"href":"https:\/\/www.vegetalcity.net\/en\/wp-json\/wp\/v2\/users\/3"}],"replies":[{"embeddable":true,"href":"https:\/\/www.vegetalcity.net\/en\/wp-json\/wp\/v2\/comments?post=9448"}],"version-history":[{"count":2,"href":"https:\/\/www.vegetalcity.net\/en\/wp-json\/wp\/v2\/pages\/9448\/revisions"}],"predecessor-version":[{"id":13591,"href":"https:\/\/www.vegetalcity.net\/en\/wp-json\/wp\/v2\/pages\/9448\/revisions\/13591"}],"wp:attachment":[{"href":"https:\/\/www.vegetalcity.net\/en\/wp-json\/wp\/v2\/media?parent=9448"}],"curies":[{"name":"wp","href":"https:\/\/api.w.org\/{rel}","templated":true}]}}